{"id":4836,"date":"2022-02-23T23:49:22","date_gmt":"2022-02-23T23:49:22","guid":{"rendered":"https:\/\/bizzevents.com\/about-us\/"},"modified":"2022-06-01T13:40:08","modified_gmt":"2022-06-01T13:40:08","slug":"about-us","status":"publish","type":"page","link":"https:\/\/bizzevents.com\/es\/about-us\/","title":{"rendered":"Nosotros"},"content":{"rendered":"<div data-elementor-type=\"wp-page\" data-elementor-id=\"4836\" class=\"elementor elementor-4836\">\n\t\t\t\t\t\t\t\t\t<section class=\"elementor-section elementor-top-section elementor-element elementor-element-6eb19fb0 elementor-section-boxed elementor-section-height-default elementor-section-height-default\" data-id=\"6eb19fb0\" data-element_type=\"section\" data-settings=\"{&quot;background_background&quot;:&quot;classic&quot;,&quot;jet_parallax_layout_list&quot;:[],&quot;background_motion_fx_motion_fx_scrolling&quot;:&quot;yes&quot;,&quot;shape_divider_bottom&quot;:&quot;tilt&quot;,&quot;background_motion_fx_devices&quot;:[&quot;desktop&quot;,&quot;tablet&quot;,&quot;mobile&quot;]}\">\n\t\t\t\t\t<div class=\"elementor-shape elementor-shape-bottom\" data-negative=\"false\">\n\t\t\t<svg xmlns=\"http:\/\/www.w3.org\/2000\/svg\" viewbox=\"0 0 1000 100\" preserveaspectratio=\"none\">\n\t<path class=\"elementor-shape-fill\" d=\"M0,6V0h1000v100L0,6z\"\/>\n<\/svg>\t\t<\/div>\n\t\t\t\t\t<div class=\"elementor-container elementor-column-gap-default\">\n\t\t\t\t\t<div class=\"elementor-column elementor-col-50 elementor-top-column elementor-element elementor-element-1dff459 elementor-invisible\" data-id=\"1dff459\" data-element_type=\"column\" data-settings=\"{&quot;animation&quot;:&quot;bounceInRight&quot;}\">\n\t\t\t<div class=\"elementor-widget-wrap elementor-element-populated\">\n\t\t\t\t\t\t\t\t<div class=\"elementor-element elementor-element-fc7eeb4 elementor-widget elementor-widget-pix-highlighted-text\" data-id=\"fc7eeb4\" data-element_type=\"widget\" data-widget_type=\"pix-highlighted-text.default\">\n\t\t\t\t<div class=\"elementor-widget-container\">\n\t\t\t<div id=\"highlighted-text-185867461\" class=\"text-left\"><h2 class=\"text-black\"  data-anim-type=\"\" data-anim-delay=\"\"><span class=\"font-weight-normal  heading-font elementor-repeater-item-d38df35\">Somos un equipo con <\/span><span class=\"pix-highlighted-text  font-weight-normal  font-weight-bold heading-font elementor-repeater-item-b2f5606 highlighted-text-185867461-1 animate-in\" data-anim-type=\"highlight-grow\" data-anim-delay=\"200\">m\u00e1s de 20 a\u00f1os de experiencia<\/span><span class=\"font-weight-normal  heading-font elementor-repeater-item-3d6442b\"> en organizaci\u00f3n de eventos.<\/span><\/h2><\/div>\t\t<\/div>\n\t\t\t\t<\/div>\n\t\t\t\t\t<\/div>\n\t\t<\/div>\n\t\t\t\t<div class=\"elementor-column elementor-col-50 elementor-top-column elementor-element elementor-element-6f84e9c elementor-invisible\" data-id=\"6f84e9c\" data-element_type=\"column\" data-settings=\"{&quot;animation&quot;:&quot;bounceInLeft&quot;}\">\n\t\t\t<div class=\"elementor-widget-wrap elementor-element-populated\">\n\t\t\t\t\t\t\t\t<div class=\"elementor-element elementor-element-19b798a elementor-widget elementor-widget-image\" data-id=\"19b798a\" data-element_type=\"widget\" data-widget_type=\"image.default\">\n\t\t\t\t<div class=\"elementor-widget-container\">\n\t\t\t<style>\/*! elementor - v3.6.4 - 13-04-2022 *\/\n.elementor-widget-image{text-align:center}.elementor-widget-image a{display:inline-block}.elementor-widget-image a img[src$=\".svg\"]{width:48px}.elementor-widget-image img{vertical-align:middle;display:inline-block}<\/style>\t\t\t\t\t\t\t\t\t\t\t\t<img loading=\"lazy\" decoding=\"async\" width=\"640\" height=\"428\" src=\"https:\/\/bizzevents.com\/wp-content\/uploads\/2022\/03\/PantallasBD.png\" class=\"elementor-animation-shrink attachment-large size-large\" alt=\"\" srcset=\"https:\/\/bizzevents.com\/wp-content\/uploads\/2022\/03\/PantallasBD.png 720w, https:\/\/bizzevents.com\/wp-content\/uploads\/2022\/03\/PantallasBD-300x200.png 300w, https:\/\/bizzevents.com\/wp-content\/uploads\/2022\/03\/PantallasBD-18x12.png 18w\" sizes=\"auto, (max-width: 640px) 100vw, 640px\" \/>\t\t\t\t\t\t\t\t\t\t\t\t\t\t\t<\/div>\n\t\t\t\t<\/div>\n\t\t\t\t\t<\/div>\n\t\t<\/div>\n\t\t\t\t\t\t\t<\/div>\n\t\t<\/section>\n\t\t\t\t<section class=\"elementor-section elementor-top-section elementor-element elementor-element-192c6e22 elementor-section-boxed elementor-section-height-default elementor-section-height-default\" data-id=\"192c6e22\" data-element_type=\"section\" data-settings=\"{&quot;jet_parallax_layout_list&quot;:[]}\">\n\t\t\t\t\t\t<div class=\"elementor-container elementor-column-gap-default\">\n\t\t\t\t\t<div class=\"elementor-column elementor-col-100 elementor-top-column elementor-element elementor-element-6eb9f4ca\" data-id=\"6eb9f4ca\" data-element_type=\"column\">\n\t\t\t<div class=\"elementor-widget-wrap elementor-element-populated\">\n\t\t\t\t\t\t\t\t<section class=\"elementor-section elementor-inner-section elementor-element elementor-element-306b231c elementor-section-boxed elementor-section-height-default elementor-section-height-default\" data-id=\"306b231c\" data-element_type=\"section\" data-settings=\"{&quot;jet_parallax_layout_list&quot;:[]}\">\n\t\t\t\t\t\t<div class=\"elementor-container elementor-column-gap-default\">\n\t\t\t\t\t<div class=\"elementor-column elementor-col-100 elementor-inner-column elementor-element elementor-element-16dee26c\" data-id=\"16dee26c\" data-element_type=\"column\">\n\t\t\t<div class=\"elementor-widget-wrap elementor-element-populated\">\n\t\t\t\t\t\t\t\t<div class=\"elementor-element elementor-element-7f91b28 elementor-invisible elementor-widget elementor-widget-pix-text\" data-id=\"7f91b28\" data-element_type=\"widget\" data-settings=\"{&quot;_animation&quot;:&quot;zoomInUp&quot;}\" data-widget_type=\"pix-text.default\">\n\t\t\t\t<div class=\"elementor-widget-container\">\n\t\t\t<div class=\"pix-el-text w-100 text-center\" ><div class=\"d-inline-block\" style=\"max-width:600px;\"><p class=\"text-20  text-body-default text-center\" >Soportada por WORLDCOB, hemos llegado a 35+ pa\u00edses a trav\u00e9s de 100+ eventos. Entregamos un servicio de producci\u00f3n de eventos profesional que satisface las necesidades m\u00e1s demandantes alrededor del mundo.<\/p><\/div><\/div>\t\t<\/div>\n\t\t\t\t<\/div>\n\t\t\t\t<div class=\"elementor-element elementor-element-b9a9857 elementor-invisible elementor-widget elementor-widget-image-carousel\" data-id=\"b9a9857\" data-element_type=\"widget\" data-settings=\"{&quot;slides_to_show&quot;:&quot;5&quot;,&quot;navigation&quot;:&quot;none&quot;,&quot;infinite&quot;:&quot;no&quot;,&quot;_animation&quot;:&quot;fadeIn&quot;,&quot;autoplay&quot;:&quot;yes&quot;,&quot;pause_on_hover&quot;:&quot;yes&quot;,&quot;pause_on_interaction&quot;:&quot;yes&quot;,&quot;autoplay_speed&quot;:5000,&quot;speed&quot;:500}\" data-widget_type=\"image-carousel.default\">\n\t\t\t\t<div class=\"elementor-widget-container\">\n\t\t\t<style>\/*! elementor - v3.6.4 - 13-04-2022 *\/\n.elementor-widget-image-carousel .swiper-container{position:static}.elementor-widget-image-carousel .swiper-container .swiper-slide figure{line-height:inherit}.elementor-widget-image-carousel .swiper-slide{text-align:center}.elementor-image-carousel-wrapper:not(.swiper-container-initialized) .swiper-slide{max-width:calc(100% \/ var(--e-image-carousel-slides-to-show, 3))}<\/style>\t\t<div class=\"elementor-image-carousel-wrapper swiper-container\" dir=\"ltr\">\n\t\t\t<div class=\"elementor-image-carousel swiper-wrapper\">\n\t\t\t\t\t\t\t\t<div class=\"swiper-slide\"><figure class=\"swiper-slide-inner\"><img decoding=\"async\" class=\"swiper-slide-image\" src=\"https:\/\/bizzevents.com\/wp-content\/uploads\/2022\/03\/logo1.jpg\" alt=\"logo1\" \/><\/figure><\/div><div class=\"swiper-slide\"><figure class=\"swiper-slide-inner\"><img decoding=\"async\" class=\"swiper-slide-image\" src=\"https:\/\/bizzevents.com\/wp-content\/uploads\/2022\/03\/logo2.jpg\" alt=\"logo2\" \/><\/figure><\/div><div class=\"swiper-slide\"><figure class=\"swiper-slide-inner\"><img decoding=\"async\" class=\"swiper-slide-image\" src=\"https:\/\/bizzevents.com\/wp-content\/uploads\/2022\/03\/logo3.jpg\" alt=\"logo3\" \/><\/figure><\/div><div class=\"swiper-slide\"><figure class=\"swiper-slide-inner\"><img decoding=\"async\" class=\"swiper-slide-image\" src=\"https:\/\/bizzevents.com\/wp-content\/uploads\/2022\/03\/logo4.jpg\" alt=\"logo4\" \/><\/figure><\/div><div class=\"swiper-slide\"><figure class=\"swiper-slide-inner\"><img decoding=\"async\" class=\"swiper-slide-image\" src=\"https:\/\/bizzevents.com\/wp-content\/uploads\/2022\/03\/logo5-2.jpg\" alt=\"logo5-2\" \/><\/figure><\/div>\t\t\t<\/div>\n\t\t\t\t\t\t\t\t\t\t\t\t\t\t\t\t<\/div>\n\t\t\t\t<\/div>\n\t\t\t\t<\/div>\n\t\t\t\t\t<\/div>\n\t\t<\/div>\n\t\t\t\t\t\t\t<\/div>\n\t\t<\/section>\n\t\t\t\t\t<\/div>\n\t\t<\/div>\n\t\t\t\t\t\t\t<\/div>\n\t\t<\/section>\n\t\t\t\t<section class=\"elementor-section elementor-top-section elementor-element elementor-element-8bda3ed elementor-section-boxed elementor-section-height-default elementor-section-height-default\" data-id=\"8bda3ed\" data-element_type=\"section\" data-settings=\"{&quot;jet_parallax_layout_list&quot;:[],&quot;background_background&quot;:&quot;classic&quot;}\">\n\t\t\t\t\t\t<div class=\"elementor-container elementor-column-gap-default\">\n\t\t\t\t\t<div class=\"elementor-column elementor-col-50 elementor-top-column elementor-element elementor-element-892d678 elementor-invisible\" data-id=\"892d678\" data-element_type=\"column\" data-settings=\"{&quot;animation&quot;:&quot;bounceInRight&quot;}\">\n\t\t\t<div class=\"elementor-widget-wrap elementor-element-populated\">\n\t\t\t\t\t\t\t\t<div class=\"elementor-element elementor-element-d64b910 elementor-widget elementor-widget-image\" data-id=\"d64b910\" data-element_type=\"widget\" data-widget_type=\"image.default\">\n\t\t\t\t<div class=\"elementor-widget-container\">\n\t\t\t\t\t\t\t\t\t\t\t\t\t\t\t<img loading=\"lazy\" decoding=\"async\" width=\"1500\" height=\"844\" src=\"https:\/\/bizzevents.com\/wp-content\/uploads\/2022\/03\/fw-bizz.png\" class=\"attachment-full size-full\" alt=\"\" srcset=\"https:\/\/bizzevents.com\/wp-content\/uploads\/2022\/03\/fw-bizz.png 1500w, https:\/\/bizzevents.com\/wp-content\/uploads\/2022\/03\/fw-bizz-300x169.png 300w, https:\/\/bizzevents.com\/wp-content\/uploads\/2022\/03\/fw-bizz-1024x576.png 1024w, https:\/\/bizzevents.com\/wp-content\/uploads\/2022\/03\/fw-bizz-768x432.png 768w, https:\/\/bizzevents.com\/wp-content\/uploads\/2022\/03\/fw-bizz-18x10.png 18w\" sizes=\"auto, (max-width: 1500px) 100vw, 1500px\" \/>\t\t\t\t\t\t\t\t\t\t\t\t\t\t\t<\/div>\n\t\t\t\t<\/div>\n\t\t\t\t\t<\/div>\n\t\t<\/div>\n\t\t\t\t<div class=\"elementor-column elementor-col-50 elementor-top-column elementor-element elementor-element-7d4965c elementor-invisible\" data-id=\"7d4965c\" data-element_type=\"column\" data-settings=\"{&quot;animation&quot;:&quot;bounceInLeft&quot;}\">\n\t\t\t<div class=\"elementor-widget-wrap elementor-element-populated\">\n\t\t\t\t\t\t\t\t<div class=\"elementor-element elementor-element-28d921b elementor-widget elementor-widget-pix-highlighted-text\" data-id=\"28d921b\" data-element_type=\"widget\" data-widget_type=\"pix-highlighted-text.default\">\n\t\t\t\t<div class=\"elementor-widget-container\">\n\t\t\t<div id=\"highlighted-text-20175720\" class=\"text-left\"><h5 class=\"text-heading-default\"  data-anim-type=\"\" data-anim-delay=\"\"><span class=\"font-weight-normal  font-weight-bold heading-font elementor-repeater-item-482f712\">Hemos construido una metodolog\u00eda que representa la forma en la que BIZZEVENTS apunta hacia la excelencia en cada proyecto <\/span><span class=\"pix-highlighted-text  font-weight-normal  font-weight-bold heading-font elementor-repeater-item-65cd3d5 highlighted-text-20175720-1 animate-in\" data-anim-type=\"highlight-grow\" data-anim-delay=\"200\">.<\/span><span class=\"font-weight-normal  font-weight-bold heading-font elementor-repeater-item-03730e1\">. <\/span><span class=\"pix-highlighted-text  font-weight-normal  font-weight-bold heading-font elementor-repeater-item-10305d7 highlighted-text-20175720-3 animate-in\" data-anim-type=\"highlight-grow\" data-anim-delay=\"200\">Lo llamamos THE BIZZ WAY.<\/span><span class=\"font-weight-normal  font-weight-bold heading-font elementor-repeater-item-a0939f6\">.<\/span><\/h5><\/div>\t\t<\/div>\n\t\t\t\t<\/div>\n\t\t\t\t\t<\/div>\n\t\t<\/div>\n\t\t\t\t\t\t\t<\/div>\n\t\t<\/section>\n\t\t\t\t<section class=\"elementor-section elementor-top-section elementor-element elementor-element-9bdbd0d elementor-section-boxed elementor-section-height-default elementor-section-height-default\" data-id=\"9bdbd0d\" data-element_type=\"section\" data-settings=\"{&quot;jet_parallax_layout_list&quot;:[],&quot;background_background&quot;:&quot;classic&quot;}\">\n\t\t\t\t\t\t<div class=\"elementor-container elementor-column-gap-default\">\n\t\t\t\t\t<div class=\"elementor-column elementor-col-33 elementor-top-column elementor-element elementor-element-e7affd2 elementor-invisible\" data-id=\"e7affd2\" data-element_type=\"column\" data-settings=\"{&quot;animation&quot;:&quot;bounceInRight&quot;}\">\n\t\t\t<div class=\"elementor-widget-wrap elementor-element-populated\">\n\t\t\t\t\t\t\t\t<div class=\"elementor-element elementor-element-e029d53 elementor-widget elementor-widget-pix-feature\" data-id=\"e029d53\" data-element_type=\"widget\" data-widget_type=\"pix-feature.default\">\n\t\t\t\t<div class=\"elementor-widget-container\">\n\t\t\t<div id=\"duo-icon-11506237\" class=\"media\"><div class=\"mr-3 feature_img\"   style=\"position:relative;text-align:center;\"><i style=\"display:inline-block;font-size:30px;min-width:30px;line-height:30px;\" class=\"text-primary align-middle pixicon-radar-2\"><\/i><\/div><div class=\"media-body text-left\"><div class=\"text-primary\" style=\"font-size:18;\"  >Metodolog\u00eda de organizaci\u00f3n<\/div><div class=\"text-text-gray    font-weight-bold\" style=\"padding-top:20px;\"  ><\/div><\/div><\/div>\t\t<\/div>\n\t\t\t\t<\/div>\n\t\t\t\t<div class=\"elementor-element elementor-element-53910ca elementor-widget elementor-widget-pix-highlighted-text\" data-id=\"53910ca\" data-element_type=\"widget\" data-widget_type=\"pix-highlighted-text.default\">\n\t\t\t\t<div class=\"elementor-widget-container\">\n\t\t\t<div id=\"highlighted-text-12349673\" class=\"text-left\"><h3 class=\"text-heading-default\"  data-anim-type=\"\" data-anim-delay=\"\"><span class=\"font-weight-normal  font-weight-bold heading-font elementor-repeater-item-482f712\">Proceso dedicado para <\/span><span class=\"pix-highlighted-text  font-weight-normal  font-weight-bold heading-font elementor-repeater-item-65cd3d5 highlighted-text-12349673-1 animate-in\" data-anim-type=\"highlight-grow\" data-anim-delay=\"200\">la excelencia de tu evento.<\/span><\/h3><\/div>\t\t<\/div>\n\t\t\t\t<\/div>\n\t\t\t\t<div class=\"elementor-element elementor-element-94f9d64 elementor-widget elementor-widget-text-editor\" data-id=\"94f9d64\" data-element_type=\"widget\" data-widget_type=\"text-editor.default\">\n\t\t\t\t<div class=\"elementor-widget-container\">\n\t\t\t<style>\/*! elementor - v3.6.4 - 13-04-2022 *\/\n.elementor-widget-text-editor.elementor-drop-cap-view-stacked .elementor-drop-cap{background-color:#818a91;color:#fff}.elementor-widget-text-editor.elementor-drop-cap-view-framed .elementor-drop-cap{color:#818a91;border:3px solid;background-color:transparent}.elementor-widget-text-editor:not(.elementor-drop-cap-view-default) .elementor-drop-cap{margin-top:8px}.elementor-widget-text-editor:not(.elementor-drop-cap-view-default) .elementor-drop-cap-letter{width:1em;height:1em}.elementor-widget-text-editor .elementor-drop-cap{float:left;text-align:center;line-height:1;font-size:50px}.elementor-widget-text-editor .elementor-drop-cap-letter{display:inline-block}<\/style>\t\t\t\t<p>Recibe el trato profesional de 20 a\u00f1os de experiencia en tu pr\u00f3ximo evento virtual.<\/p>\t\t\t\t\t\t<\/div>\n\t\t\t\t<\/div>\n\t\t\t\t\t<\/div>\n\t\t<\/div>\n\t\t\t\t<div class=\"elementor-column elementor-col-66 elementor-top-column elementor-element elementor-element-4852af1 elementor-invisible\" data-id=\"4852af1\" data-element_type=\"column\" data-settings=\"{&quot;animation&quot;:&quot;bounceInLeft&quot;}\">\n\t\t\t<div class=\"elementor-widget-wrap elementor-element-populated\">\n\t\t\t\t\t\t\t\t<div class=\"elementor-element elementor-element-7448075 elementor-widget elementor-widget-pix-photo-box\" data-id=\"7448075\" data-element_type=\"widget\" data-widget_type=\"pix-photo-box.default\">\n\t\t\t\t<div class=\"elementor-widget-container\">\n\t\t\t<div class=\"card w-100 h-100 bg-heading-default bg-transparent  text-left w-100 d-inline-block pix-hover-item rounded-lg position-relative overflow-hidden text-white\" ><img decoding=\"async\" src=\"https:\/\/bizzevents.com\/wp-content\/plugins\/pixfort-core\/functions\/images\/loading.webp\" data-srcset=\"https:\/\/bizzevents.com\/wp-content\/uploads\/2022\/06\/bizzevents-process-300x158.png 300w, https:\/\/bizzevents.com\/wp-content\/uploads\/2022\/06\/bizzevents-process-18x9.png 18w, https:\/\/bizzevents.com\/wp-content\/uploads\/2022\/06\/bizzevents-process.png 675w\" data-src=\"https:\/\/bizzevents.com\/wp-content\/uploads\/2022\/06\/bizzevents-process.png\" class=\"pix-lazy card-img pix-bg-image h-100 pix-img-scale pix-opacity-10\" loading=\"lazy\" alt=\"\"><span class=\"card-img-overlay2 d-inline-block w-100 pix-img-overlay pix-p-10 d-flex align-items-end\" style=\"min-height:370px;\"><div class=\"w-100\"><\/div><\/span><\/div>\t\t<\/div>\n\t\t\t\t<\/div>\n\t\t\t\t\t<\/div>\n\t\t<\/div>\n\t\t\t\t\t\t\t<\/div>\n\t\t<\/section>\n\t\t\t\t<section class=\"elementor-section elementor-top-section elementor-element elementor-element-14f3866 elementor-section-boxed elementor-section-height-default elementor-section-height-default\" data-id=\"14f3866\" data-element_type=\"section\" data-settings=\"{&quot;jet_parallax_layout_list&quot;:[]}\">\n\t\t\t\t\t\t<div class=\"elementor-container elementor-column-gap-default\">\n\t\t\t\t\t<div class=\"elementor-column elementor-col-100 elementor-top-column elementor-element elementor-element-e9f7a75\" data-id=\"e9f7a75\" data-element_type=\"column\">\n\t\t\t<div class=\"elementor-widget-wrap\">\n\t\t\t\t\t\t\t\t\t<\/div>\n\t\t<\/div>\n\t\t\t\t\t\t\t<\/div>\n\t\t<\/section>\n\t\t\t\t\t\t\t<\/div>","protected":false},"excerpt":{"rendered":"<p>We are a world-class virtual event planning team devoted to your success. Virtual event excellence knows no borders. We have reached 35 countries through over 100 events, delivering the most professional event production services to satisfy the most challenging needs&#8230;<\/p>","protected":false},"author":2,"featured_media":0,"parent":0,"menu_order":0,"comment_status":"closed","ping_status":"closed","template":"","meta":{"footnotes":""},"class_list":["post-4836","page","type-page","status-publish","hentry"],"_links":{"self":[{"href":"https:\/\/bizzevents.com\/es\/wp-json\/wp\/v2\/pages\/4836","targetHints":{"allow":["GET"]}}],"collection":[{"href":"https:\/\/bizzevents.com\/es\/wp-json\/wp\/v2\/pages"}],"about":[{"href":"https:\/\/bizzevents.com\/es\/wp-json\/wp\/v2\/types\/page"}],"author":[{"embeddable":true,"href":"https:\/\/bizzevents.com\/es\/wp-json\/wp\/v2\/users\/2"}],"replies":[{"embeddable":true,"href":"https:\/\/bizzevents.com\/es\/wp-json\/wp\/v2\/comments?post=4836"}],"version-history":[{"count":44,"href":"https:\/\/bizzevents.com\/es\/wp-json\/wp\/v2\/pages\/4836\/revisions"}],"predecessor-version":[{"id":6339,"href":"https:\/\/bizzevents.com\/es\/wp-json\/wp\/v2\/pages\/4836\/revisions\/6339"}],"wp:attachment":[{"href":"https:\/\/bizzevents.com\/es\/wp-json\/wp\/v2\/media?parent=4836"}],"curies":[{"name":"wp","href":"https:\/\/api.w.org\/{rel}","templated":true}]}}